{"id":4570,"date":"2022-06-10T21:39:48","date_gmt":"2022-06-10T18:39:48","guid":{"rendered":"https:\/\/sugarart.ro\/?post_type=product&#038;p=4570"},"modified":"2025-03-05T14:05:30","modified_gmt":"2025-03-05T12:05:30","slug":"menta-mnt4","status":"publish","type":"product","link":"https:\/\/sugarart.ro\/en\/shop\/menta-mnt4\/","title":{"rendered":"Mint MNT4"},"content":{"rendered":"<h5>Tips<\/h5>\n<p>For easy release of dough, sugar paste, cold porcelain or other materials do not forget to cover the cutter with starch, powdered sugar or vegetable fat (eg coconut oil).<\/p>\n<p>To avoid sticking the veiner's work environment, it is advisable to lightly powder it before use with starch.<\/p>\n<h5>Color<\/h5>\n<p>The images are for presentation purposes.<\/p>\n<p>The appearance and color of the product may differ from those shown in the pictures.<\/p>\n<h5>Care<\/h5>\n<p>Wash by hand only with warm soapy water. Do not put the cutters in the dishwasher!<\/p>\n<p>Do not expose to high temperatures, direct sunlight, hot water or moisture.<\/p>\n<p>Prevent damage to the edges by storing them carefully, without the cutters hitting each other.<\/p>\n<p>We are NOT responsible for damage caused by improper care of cutters.<\/p>\n<h5>Material<\/h5>\n<p>Cutters - products made with a 3D printer and PLA plastic of the highest quality.<\/p>\n<p>Veiner &#8211; silicon<\/p>\n<p><strong>We do NOT accept returns or exchanges of items for safety and health reasons.<\/strong><\/p>","protected":false},"excerpt":{"rendered":"<p>Sfaturi Pentru o eliberare u\u0219oar\u0103 a aluatului, pastei de zah\u0103r, por\u021belanului rece\u00a0 sau altor materiale nu uita\u021bi s\u0103 acoperi\u021bi decupatorul cu amidon, zah\u0103r pudr\u0103 sau gr\u0103sime vegetal\u0103 (ex: ulei de cocos). Pentru a evita lipirea mediului de lucru de veiner, este indicat s\u0103 \u00eel pudra\u021bi u\u0219or \u00eenainte de folosire cu amidon. Culoare Imaginile sunt cu [&hellip;]<\/p>\n","protected":false},"featured_media":4564,"template":"","meta":{"site-sidebar-layout":"default","site-content-layout":"default","ast-site-content-layout":"default","site-content-style":"default","site-sidebar-style":"default","ast-global-header-display":"","ast-banner-title-visibility":"","ast-main-header-display":"","ast-hfb-above-header-display":"","ast-hfb-below-header-display":"","ast-hfb-mobile-header-display":"","site-post-title":"","ast-breadcrumbs-content":"","ast-featured-img":"","footer-sml-layout":"","ast-disable-related-posts":"","theme-transparent-header-meta":"default","adv-header-id-meta":"","stick-header-meta":"","header-above-stick-meta":"","header-main-stick-meta":"","header-below-stick-meta":"","astra-migrate-meta-layouts":"default","ast-page-background-enabled":"default","ast-page-background-meta":{"desktop":{"background-color":"var(--ast-global-color-4)","background-image":"","background-repeat":"repeat","background-position":"center center","background-size":"auto","background-attachment":"scroll","background-type":"","background-media":"","overlay-type":"","overlay-color":"","overlay-opacity":"","overlay-gradient":""},"tablet":{"background-color":"","background-image":"","background-repeat":"repeat","background-position":"center center","background-size":"auto","background-attachment":"scroll","background-type":"","background-media":"","overlay-type":"","overlay-color":"","overlay-opacity":"","overlay-gradient":""},"mobile":{"background-color":"","background-image":"","background-repeat":"repeat","background-position":"center center","background-size":"auto","background-attachment":"scroll","background-type":"","background-media":"","overlay-type":"","overlay-color":"","overlay-opacity":"","overlay-gradient":""}},"ast-content-background-meta":{"desktop":{"background-color":"var(--ast-global-color-5)","background-image":"","background-repeat":"repeat","background-position":"center center","background-size":"auto","background-attachment":"scroll","background-type":"","background-media":"","overlay-type":"","overlay-color":"","overlay-opacity":"","overlay-gradient":""},"tablet":{"background-color":"var(--ast-global-color-5)","background-image":"","background-repeat":"repeat","background-position":"center center","background-size":"auto","background-attachment":"scroll","background-type":"","background-media":"","overlay-type":"","overlay-color":"","overlay-opacity":"","overlay-gradient":""},"mobile":{"background-color":"var(--ast-global-color-5)","background-image":"","background-repeat":"repeat","background-position":"center center","background-size":"auto","background-attachment":"scroll","background-type":"","background-media":"","overlay-type":"","overlay-color":"","overlay-opacity":"","overlay-gradient":""}}},"product_brand":[],"product_cat":[40,179],"product_tag":[],"class_list":{"0":"post-4570","1":"product","2":"type-product","3":"status-publish","4":"has-post-thumbnail","6":"product_cat-floristica","7":"product_cat-menta","8":"desktop-align-left","9":"tablet-align-left","10":"mobile-align-left","12":"first","13":"instock","14":"shipping-taxable","15":"purchasable","16":"product-type-simple"},"yoast_head":"<!-- This site is optimized with the Yoast SEO plugin v27.4 - https:\/\/yoast.com\/product\/yoast-seo-wordpress\/ -->\n<title>Ment\u0103 MNT4 - Sugar Art - by Erika Amelia Ersek<\/title>\n<meta name=\"robots\" content=\"index, follow, max-snippet:-1, max-image-preview:large, max-video-preview:-1\" \/>\n<link rel=\"canonical\" href=\"https:\/\/sugarart.ro\/en\/shop\/menta-mnt4\/\" \/>\n<meta property=\"og:locale\" content=\"en_GB\" \/>\n<meta property=\"og:type\" content=\"article\" \/>\n<meta property=\"og:title\" content=\"Ment\u0103 MNT4 - Sugar Art - by Erika Amelia Ersek\" \/>\n<meta property=\"og:description\" content=\"Sfaturi Pentru o eliberare u\u0219oar\u0103 a aluatului, pastei de zah\u0103r, por\u021belanului rece\u00a0 sau altor materiale nu uita\u021bi s\u0103 acoperi\u021bi decupatorul cu amidon, zah\u0103r pudr\u0103 sau gr\u0103sime vegetal\u0103 (ex: ulei de cocos). Pentru a evita lipirea mediului de lucru de veiner, este indicat s\u0103 \u00eel pudra\u021bi u\u0219or \u00eenainte de folosire cu amidon. Culoare Imaginile sunt cu [&hellip;]\" \/>\n<meta property=\"og:url\" content=\"https:\/\/sugarart.ro\/en\/shop\/menta-mnt4\/\" \/>\n<meta property=\"og:site_name\" content=\"Sugar Art - by Erika Amelia Ersek\" \/>\n<meta property=\"article:modified_time\" content=\"2025-03-05T12:05:30+00:00\" \/>\n<meta property=\"og:image\" content=\"https:\/\/sugarart.ro\/wp-content\/uploads\/2022\/06\/MNT4.png\" \/>\n\t<meta property=\"og:image:width\" content=\"1000\" \/>\n\t<meta property=\"og:image:height\" content=\"1000\" \/>\n\t<meta property=\"og:image:type\" content=\"image\/png\" \/>\n<meta name=\"twitter:card\" content=\"summary_large_image\" \/>\n<meta name=\"twitter:label1\" content=\"Estimated reading time\" \/>\n\t<meta name=\"twitter:data1\" content=\"1 minute\" \/>\n<script type=\"application\/ld+json\" class=\"yoast-schema-graph\">{\"@context\":\"https:\\\/\\\/schema.org\",\"@graph\":[{\"@type\":\"WebPage\",\"@id\":\"https:\\\/\\\/sugarart.ro\\\/shop\\\/menta-mnt4\\\/\",\"url\":\"https:\\\/\\\/sugarart.ro\\\/shop\\\/menta-mnt4\\\/\",\"name\":\"Ment\u0103 MNT4 - Sugar Art - by Erika Amelia Ersek\",\"isPartOf\":{\"@id\":\"https:\\\/\\\/sugarart.ro\\\/#website\"},\"primaryImageOfPage\":{\"@id\":\"https:\\\/\\\/sugarart.ro\\\/shop\\\/menta-mnt4\\\/#primaryimage\"},\"image\":{\"@id\":\"https:\\\/\\\/sugarart.ro\\\/shop\\\/menta-mnt4\\\/#primaryimage\"},\"thumbnailUrl\":\"https:\\\/\\\/sugarart.ro\\\/wp-content\\\/uploads\\\/2022\\\/06\\\/MNT4.png\",\"datePublished\":\"2022-06-10T18:39:48+00:00\",\"dateModified\":\"2025-03-05T12:05:30+00:00\",\"breadcrumb\":{\"@id\":\"https:\\\/\\\/sugarart.ro\\\/shop\\\/menta-mnt4\\\/#breadcrumb\"},\"inLanguage\":\"en-GB\",\"potentialAction\":[{\"@type\":\"ReadAction\",\"target\":[\"https:\\\/\\\/sugarart.ro\\\/shop\\\/menta-mnt4\\\/\"]}]},{\"@type\":\"ImageObject\",\"inLanguage\":\"en-GB\",\"@id\":\"https:\\\/\\\/sugarart.ro\\\/shop\\\/menta-mnt4\\\/#primaryimage\",\"url\":\"https:\\\/\\\/sugarart.ro\\\/wp-content\\\/uploads\\\/2022\\\/06\\\/MNT4.png\",\"contentUrl\":\"https:\\\/\\\/sugarart.ro\\\/wp-content\\\/uploads\\\/2022\\\/06\\\/MNT4.png\",\"width\":1000,\"height\":1000},{\"@type\":\"BreadcrumbList\",\"@id\":\"https:\\\/\\\/sugarart.ro\\\/shop\\\/menta-mnt4\\\/#breadcrumb\",\"itemListElement\":[{\"@type\":\"ListItem\",\"position\":1,\"name\":\"Prima pagin\u0103\",\"item\":\"https:\\\/\\\/sugarart.ro\\\/\"},{\"@type\":\"ListItem\",\"position\":2,\"name\":\"Magazin\",\"item\":\"https:\\\/\\\/sugarart.ro\\\/magazin\\\/\"},{\"@type\":\"ListItem\",\"position\":3,\"name\":\"Ment\u0103 MNT4\"}]},{\"@type\":\"WebSite\",\"@id\":\"https:\\\/\\\/sugarart.ro\\\/#website\",\"url\":\"https:\\\/\\\/sugarart.ro\\\/\",\"name\":\"Sugar Art - by Erika Amelia Ersek\",\"description\":\"Plant Shop Website\",\"publisher\":{\"@id\":\"https:\\\/\\\/sugarart.ro\\\/#organization\"},\"potentialAction\":[{\"@type\":\"SearchAction\",\"target\":{\"@type\":\"EntryPoint\",\"urlTemplate\":\"https:\\\/\\\/sugarart.ro\\\/?s={search_term_string}\"},\"query-input\":{\"@type\":\"PropertyValueSpecification\",\"valueRequired\":true,\"valueName\":\"search_term_string\"}}],\"inLanguage\":\"en-GB\"},{\"@type\":\"Organization\",\"@id\":\"https:\\\/\\\/sugarart.ro\\\/#organization\",\"name\":\"Sugar Art - by Erika Amelia Ersek\",\"url\":\"https:\\\/\\\/sugarart.ro\\\/\",\"logo\":{\"@type\":\"ImageObject\",\"inLanguage\":\"en-GB\",\"@id\":\"https:\\\/\\\/sugarart.ro\\\/#\\\/schema\\\/logo\\\/image\\\/\",\"url\":\"https:\\\/\\\/sugarart.ro\\\/wp-content\\\/uploads\\\/2021\\\/10\\\/cropped-sugarArt-1.png\",\"contentUrl\":\"https:\\\/\\\/sugarart.ro\\\/wp-content\\\/uploads\\\/2021\\\/10\\\/cropped-sugarArt-1.png\",\"width\":221,\"height\":111,\"caption\":\"Sugar Art - by Erika Amelia Ersek\"},\"image\":{\"@id\":\"https:\\\/\\\/sugarart.ro\\\/#\\\/schema\\\/logo\\\/image\\\/\"}}]}<\/script>\n<!-- \/ Yoast SEO plugin. -->","yoast_head_json":{"title":"Ment\u0103 MNT4 - Sugar Art - by Erika Amelia Ersek","robots":{"index":"index","follow":"follow","max-snippet":"max-snippet:-1","max-image-preview":"max-image-preview:large","max-video-preview":"max-video-preview:-1"},"canonical":"https:\/\/sugarart.ro\/en\/shop\/menta-mnt4\/","og_locale":"en_GB","og_type":"article","og_title":"Ment\u0103 MNT4 - Sugar Art - by Erika Amelia Ersek","og_description":"Sfaturi Pentru o eliberare u\u0219oar\u0103 a aluatului, pastei de zah\u0103r, por\u021belanului rece\u00a0 sau altor materiale nu uita\u021bi s\u0103 acoperi\u021bi decupatorul cu amidon, zah\u0103r pudr\u0103 sau gr\u0103sime vegetal\u0103 (ex: ulei de cocos). Pentru a evita lipirea mediului de lucru de veiner, este indicat s\u0103 \u00eel pudra\u021bi u\u0219or \u00eenainte de folosire cu amidon. Culoare Imaginile sunt cu [&hellip;]","og_url":"https:\/\/sugarart.ro\/en\/shop\/menta-mnt4\/","og_site_name":"Sugar Art - by Erika Amelia Ersek","article_modified_time":"2025-03-05T12:05:30+00:00","og_image":[{"width":1000,"height":1000,"url":"https:\/\/sugarart.ro\/wp-content\/uploads\/2022\/06\/MNT4.png","type":"image\/png"}],"twitter_card":"summary_large_image","twitter_misc":{"Estimated reading time":"1 minute"},"schema":{"@context":"https:\/\/schema.org","@graph":[{"@type":"WebPage","@id":"https:\/\/sugarart.ro\/shop\/menta-mnt4\/","url":"https:\/\/sugarart.ro\/shop\/menta-mnt4\/","name":"Ment\u0103 MNT4 - Sugar Art - by Erika Amelia Ersek","isPartOf":{"@id":"https:\/\/sugarart.ro\/#website"},"primaryImageOfPage":{"@id":"https:\/\/sugarart.ro\/shop\/menta-mnt4\/#primaryimage"},"image":{"@id":"https:\/\/sugarart.ro\/shop\/menta-mnt4\/#primaryimage"},"thumbnailUrl":"https:\/\/sugarart.ro\/wp-content\/uploads\/2022\/06\/MNT4.png","datePublished":"2022-06-10T18:39:48+00:00","dateModified":"2025-03-05T12:05:30+00:00","breadcrumb":{"@id":"https:\/\/sugarart.ro\/shop\/menta-mnt4\/#breadcrumb"},"inLanguage":"en-GB","potentialAction":[{"@type":"ReadAction","target":["https:\/\/sugarart.ro\/shop\/menta-mnt4\/"]}]},{"@type":"ImageObject","inLanguage":"en-GB","@id":"https:\/\/sugarart.ro\/shop\/menta-mnt4\/#primaryimage","url":"https:\/\/sugarart.ro\/wp-content\/uploads\/2022\/06\/MNT4.png","contentUrl":"https:\/\/sugarart.ro\/wp-content\/uploads\/2022\/06\/MNT4.png","width":1000,"height":1000},{"@type":"BreadcrumbList","@id":"https:\/\/sugarart.ro\/shop\/menta-mnt4\/#breadcrumb","itemListElement":[{"@type":"ListItem","position":1,"name":"Prima pagin\u0103","item":"https:\/\/sugarart.ro\/"},{"@type":"ListItem","position":2,"name":"Magazin","item":"https:\/\/sugarart.ro\/magazin\/"},{"@type":"ListItem","position":3,"name":"Ment\u0103 MNT4"}]},{"@type":"WebSite","@id":"https:\/\/sugarart.ro\/#website","url":"https:\/\/sugarart.ro\/","name":"Sugar Art - by Erika Amelia Ersek","description":"Plant Shop Website","publisher":{"@id":"https:\/\/sugarart.ro\/#organization"},"potentialAction":[{"@type":"SearchAction","target":{"@type":"EntryPoint","urlTemplate":"https:\/\/sugarart.ro\/?s={search_term_string}"},"query-input":{"@type":"PropertyValueSpecification","valueRequired":true,"valueName":"search_term_string"}}],"inLanguage":"en-GB"},{"@type":"Organization","@id":"https:\/\/sugarart.ro\/#organization","name":"Sugar Art - by Erika Amelia Ersek","url":"https:\/\/sugarart.ro\/","logo":{"@type":"ImageObject","inLanguage":"en-GB","@id":"https:\/\/sugarart.ro\/#\/schema\/logo\/image\/","url":"https:\/\/sugarart.ro\/wp-content\/uploads\/2021\/10\/cropped-sugarArt-1.png","contentUrl":"https:\/\/sugarart.ro\/wp-content\/uploads\/2021\/10\/cropped-sugarArt-1.png","width":221,"height":111,"caption":"Sugar Art - by Erika Amelia Ersek"},"image":{"@id":"https:\/\/sugarart.ro\/#\/schema\/logo\/image\/"}}]}},"_links":{"self":[{"href":"https:\/\/sugarart.ro\/en\/wp-json\/wp\/v2\/product\/4570","targetHints":{"allow":["GET"]}}],"collection":[{"href":"https:\/\/sugarart.ro\/en\/wp-json\/wp\/v2\/product"}],"about":[{"href":"https:\/\/sugarart.ro\/en\/wp-json\/wp\/v2\/types\/product"}],"wp:featuredmedia":[{"embeddable":true,"href":"https:\/\/sugarart.ro\/en\/wp-json\/wp\/v2\/media\/4564"}],"wp:attachment":[{"href":"https:\/\/sugarart.ro\/en\/wp-json\/wp\/v2\/media?parent=4570"}],"wp:term":[{"taxonomy":"product_brand","embeddable":true,"href":"https:\/\/sugarart.ro\/en\/wp-json\/wp\/v2\/product_brand?post=4570"},{"taxonomy":"product_cat","embeddable":true,"href":"https:\/\/sugarart.ro\/en\/wp-json\/wp\/v2\/product_cat?post=4570"},{"taxonomy":"product_tag","embeddable":true,"href":"https:\/\/sugarart.ro\/en\/wp-json\/wp\/v2\/product_tag?post=4570"}],"curies":[{"name":"wp","href":"https:\/\/api.w.org\/{rel}","templated":true}]}}